{"id":7,"date":"2020-11-09T09:16:06","date_gmt":"2020-11-09T12:16:06","guid":{"rendered":"https:\/\/serviserra.com.br\/?page_id=7"},"modified":"2020-11-09T09:23:44","modified_gmt":"2020-11-09T12:23:44","slug":"elementor-7","status":"publish","type":"page","link":"https:\/\/serviserra.com.br\/","title":{"rendered":"Constru\u00e7\u00e3o"},"content":{"rendered":"\t\t<div data-elementor-type=\"wp-page\" data-elementor-id=\"7\" class=\"elementor elementor-7\">\n\t\t\t\t\t\t<section class=\"elementor-section elementor-top-section elementor-element elementor-element-bfe4a31 elementor-section-boxed elementor-section-height-default elementor-section-height-default\" data-id=\"bfe4a31\" data-element_type=\"section\">\n\t\t\t\t\t\t<div class=\"elementor-container elementor-column-gap-default\">\n\t\t\t\t\t<div class=\"elementor-column elementor-col-100 elementor-top-column elementor-element elementor-element-7402e42\" data-id=\"7402e42\" data-element_type=\"column\">\n\t\t\t<div class=\"elementor-widget-wrap elementor-element-populated\">\n\t\t\t\t\t\t<div class=\"elementor-element elementor-element-354b63f animated-slow elementor-invisible elementor-widget elementor-widget-image\" data-id=\"354b63f\" data-element_type=\"widget\" data-settings=\"{&quot;_animation&quot;:&quot;fadeInDown&quot;,&quot;_animation_mobile&quot;:&quot;slideInUp&quot;}\" data-widget_type=\"image.default\">\n\t\t\t\t<div class=\"elementor-widget-container\">\n\t\t\t\t\t\t\t\t\t\t\t\t\t\t\t<img fetchpriority=\"high\" decoding=\"async\" width=\"1536\" height=\"886\" src=\"https:\/\/serviserra.com.br\/wp\/wp-content\/uploads\/2020\/11\/Serviserra_Prancheta-1-1536x886.png\" class=\"attachment-1536x1536 size-1536x1536 wp-image-10\" alt=\"\" srcset=\"https:\/\/serviserra.com.br\/wp\/wp-content\/uploads\/2020\/11\/Serviserra_Prancheta-1-1536x886.png 1536w, https:\/\/serviserra.com.br\/wp\/wp-content\/uploads\/2020\/11\/Serviserra_Prancheta-1-300x173.png 300w, https:\/\/serviserra.com.br\/wp\/wp-content\/uploads\/2020\/11\/Serviserra_Prancheta-1-1024x591.png 1024w, https:\/\/serviserra.com.br\/wp\/wp-content\/uploads\/2020\/11\/Serviserra_Prancheta-1-768x443.png 768w, https:\/\/serviserra.com.br\/wp\/wp-content\/uploads\/2020\/11\/Serviserra_Prancheta-1-2048x1181.png 2048w, https:\/\/serviserra.com.br\/wp\/wp-content\/uploads\/2020\/11\/Serviserra_Prancheta-1-1200x692.png 1200w, https:\/\/serviserra.com.br\/wp\/wp-content\/uploads\/2020\/11\/Serviserra_Prancheta-1-1980x1142.png 1980w\" sizes=\"(max-width: 1536px) 100vw, 1536px\" \/>\t\t\t\t\t\t\t\t\t\t\t\t\t\t\t<\/div>\n\t\t\t\t<\/div>\n\t\t\t\t<div class=\"elementor-element elementor-element-a6a3a2d animated-slow elementor-invisible elementor-widget elementor-widget-heading\" data-id=\"a6a3a2d\" data-element_type=\"widget\" data-settings=\"{&quot;_animation&quot;:&quot;fadeInRight&quot;,&quot;_animation_mobile&quot;:&quot;bounceInRight&quot;}\" data-widget_type=\"heading.default\">\n\t\t\t\t<div class=\"elementor-widget-container\">\n\t\t\t\t\t<h2 class=\"elementor-heading-title elementor-size-default\">P\u00e1gina em Constru\u00e7\u00e3o<\/h2>\t\t\t\t<\/div>\n\t\t\t\t<\/div>\n\t\t\t\t\t<\/div>\n\t\t<\/div>\n\t\t\t\t\t<\/div>\n\t\t<\/section>\n\t\t\t\t<\/div>\n\t\t","protected":false},"excerpt":{"rendered":"<p>P\u00e1gina em Constru\u00e7\u00e3o<\/p>\n","protected":false},"author":1,"featured_media":0,"parent":0,"menu_order":0,"comment_status":"closed","ping_status":"closed","template":"elementor_canvas","meta":{"footnotes":""},"class_list":["post-7","page","type-page","status-publish","hentry"],"_links":{"self":[{"href":"https:\/\/serviserra.com.br\/index.php\/wp-json\/wp\/v2\/pages\/7","targetHints":{"allow":["GET"]}}],"collection":[{"href":"https:\/\/serviserra.com.br\/index.php\/wp-json\/wp\/v2\/pages"}],"about":[{"href":"https:\/\/serviserra.com.br\/index.php\/wp-json\/wp\/v2\/types\/page"}],"author":[{"embeddable":true,"href":"https:\/\/serviserra.com.br\/index.php\/wp-json\/wp\/v2\/users\/1"}],"replies":[{"embeddable":true,"href":"https:\/\/serviserra.com.br\/index.php\/wp-json\/wp\/v2\/comments?post=7"}],"version-history":[{"count":19,"href":"https:\/\/serviserra.com.br\/index.php\/wp-json\/wp\/v2\/pages\/7\/revisions"}],"predecessor-version":[{"id":31,"href":"https:\/\/serviserra.com.br\/index.php\/wp-json\/wp\/v2\/pages\/7\/revisions\/31"}],"wp:attachment":[{"href":"https:\/\/serviserra.com.br\/index.php\/wp-json\/wp\/v2\/media?parent=7"}],"curies":[{"name":"wp","href":"https:\/\/api.w.org\/{rel}","templated":true}]}}